{"id":95,"date":"2015-02-17T20:03:57","date_gmt":"2015-02-17T19:03:57","guid":{"rendered":"http:\/\/192.168.2.52\/?page_id=95"},"modified":"2022-07-31T19:11:49","modified_gmt":"2022-07-31T18:11:49","slug":"infos-pilotes","status":"publish","type":"page","link":"http:\/\/ulmkogenheim.com\/?page_id=95","title":{"rendered":"Infos pilotes"},"content":{"rendered":"<p style=\"text-align: left;\"><span style=\"color: #ff0000;\"><strong>BASE PRIV\u00c9E<\/strong><\/span> \u00e0 usage restreint <span style=\"color: #ff0000;\"><strong>Autorisation Pr\u00e9alable Requise<\/strong><\/span><br \/>\nPlateforme situ\u00e9e en\u00a0\u00a0 ZONE SENSIBLE \u00a0 class\u00e9e NATURA 2000<br \/>\nDemandez l&rsquo;autorisation par <span style=\"color: #ff0000;\">SMS<\/span> en pr\u00e9cisant\u00a0 le nom du pilote, le type d&rsquo;appareil utilis\u00e9 et la date \u00e0 laquelle vous aimeriez utiliser la plateforme \u00e0 :<\/p>\n<p style=\"text-align: left;\">Daniel au\u00a0 06 76 54 60 31 ou Christian au 06 45 27 21 28<\/p>\n<p style=\"text-align: justify;\"><strong>LF6715<\/strong> \u00a0 \u00a0 \u00a0 \u00a0 \u00a0 <strong>N<\/strong> 48\u00b0 19&prime; 21&Prime;\u00a0 &#8211;\u00a0 <strong>E<\/strong> 07\u00b0 32&prime; 04&Prime;\u00a0\u00a0\u00a0 <strong>altitude<\/strong> AD : 528 ft<\/p>\n<p>Piste herbe 270m x 25m\u00a0\u00a0 orient\u00e9e\u00a0\u00a0 02\/20 \u00a0\u00a0\u00a0 atterrissage \u00e0 vue<\/p>\n<p>Piste paramoteur 80m x 60m \u00a0\u00a0\u00a0(\u00e9volution c\u00f4t\u00e9 ouest de la piste)<\/p>\n<p>Int\u00e9gration: 1500ft AMSL (1000ft AGL) TdP 1000ft AMSL (500ft AGL)<\/p>\n<p>Radio A\/A 123.500Mhz\u00a0\u00a0 Hangar: non\u00a0\u00a0 Carburant: sur demande<\/p>\n<p><span style=\"color: #ff0000;\"><strong><span style=\"text-decoration: underline;\">Consignes:<\/span><\/strong><\/span><\/p>\n<p>Survol de Kogenheim et d\u2019Ebersmunster <strong>interdit\u00a0!!<\/strong><\/p>\n<p>Pas d\u2019activit\u00e9s avant 8h00 les dimanches et jours f\u00e9ri\u00e9s.<\/p>\n<p>Si la tondeuse se trouve en action sur le terrain, vous pouvez essayer de contacter le conducteur par radio (123.500) ou manifester votre intention d\u2019atterrir par un passage bas (150ft) au-dessus de la piste. Vous serez autoris\u00e9 \u00e0 atterrir (ou \u00e0 d\u00e9coller) d\u00e8s que le conducteur de la tondeuse vous aura rep\u00e9r\u00e9 en mettant en fonction son gyrophare orange.<\/p>\n<p><span style=\"color: #ff0000;\">\u00a0<strong><span style=\"text-decoration: underline;\">Proc\u00e9dures particuli\u00e8res:<\/span><\/strong><\/span><\/p>\n<p>Pour les multiaxes, pendulaires et autogires:<\/p>\n<p style=\"padding-left: 30px;\">Arriv\u00e9e \u00e0 1500ft AMSL puis int\u00e9gration vent arri\u00e8re \u00e0 1000ft cot\u00e9 EST.<\/p>\n<p>\u00a0Pour les paramoteurs\u00a0:<\/p>\n<p style=\"padding-left: 30px;\">Int\u00e9grer, poser ou d\u00e9coller toujours c\u00f4t\u00e9 OUEST de la piste sans jamais la survoler.<\/p>\n<p><span style=\"color: #ff0000;\"><strong><span style=\"text-decoration: underline;\">Attention:<\/span><\/strong><\/span><\/p>\n<p>Se renseigner au pr\u00e9alable sur l\u2019\u00e9tat du terrain, des inondations sont possibles.<\/p>\n","protected":false},"excerpt":{"rendered":"<p>BASE PRIV\u00c9E \u00e0 usage restreint Autorisation Pr\u00e9alable Requise Plateforme situ\u00e9e en\u00a0\u00a0 ZONE SENSIBLE \u00a0 class\u00e9e NATURA 2000 Demandez l&rsquo;autorisation par SMS en pr\u00e9cisant\u00a0 le nom du pilote, le type d&rsquo;appareil utilis\u00e9 et la date \u00e0 laquelle vous aimeriez utiliser la plateforme \u00e0 : Daniel au\u00a0 06 76 54 60 31 ou Christian au 06 45 &hellip; <a href=\"http:\/\/ulmkogenheim.com\/?page_id=95\" class=\"more-link\">Continuer la lecture de <span class=\"screen-reader-text\">Infos pilotes<\/span>  <span class=\"meta-nav\">&rarr;<\/span><\/a><\/p>\n","protected":false},"author":1,"featured_media":0,"parent":22,"menu_order":5,"comment_status":"closed","ping_status":"open","template":"","meta":[],"_links":{"self":[{"href":"http:\/\/ulmkogenheim.com\/index.php?rest_route=\/wp\/v2\/pages\/95"}],"collection":[{"href":"http:\/\/ulmkogenheim.com\/index.php?rest_route=\/wp\/v2\/pages"}],"about":[{"href":"http:\/\/ulmkogenheim.com\/index.php?rest_route=\/wp\/v2\/types\/page"}],"author":[{"embeddable":true,"href":"http:\/\/ulmkogenheim.com\/index.php?rest_route=\/wp\/v2\/users\/1"}],"replies":[{"embeddable":true,"href":"http:\/\/ulmkogenheim.com\/index.php?rest_route=%2Fwp%2Fv2%2Fcomments&post=95"}],"version-history":[{"count":7,"href":"http:\/\/ulmkogenheim.com\/index.php?rest_route=\/wp\/v2\/pages\/95\/revisions"}],"predecessor-version":[{"id":538,"href":"http:\/\/ulmkogenheim.com\/index.php?rest_route=\/wp\/v2\/pages\/95\/revisions\/538"}],"up":[{"embeddable":true,"href":"http:\/\/ulmkogenheim.com\/index.php?rest_route=\/wp\/v2\/pages\/22"}],"wp:attachment":[{"href":"http:\/\/ulmkogenheim.com\/index.php?rest_route=%2Fwp%2Fv2%2Fmedia&parent=95"}],"curies":[{"name":"wp","href":"https:\/\/api.w.org\/{rel}","templated":true}]}}