{"id":2,"date":"2015-01-27T20:03:20","date_gmt":"2015-01-27T19:03:20","guid":{"rendered":"http:\/\/5.196.1.211\/wordpress\/?page_id=2"},"modified":"2022-07-31T19:00:23","modified_gmt":"2022-07-31T18:00:23","slug":"page-d-exemple","status":"publish","type":"page","link":"http:\/\/ulmkogenheim.com\/","title":{"rendered":"Pr\u00e9sentation du Club ULM de Kogenheim"},"content":{"rendered":"<p style=\"text-align: justify;\"><strong><em>\u00a0Le CUK est une association priv\u00e9e situ\u00e9 en plein centre Alsace, entre le Nord et le Sud, entre les Vosges et le Rhin. Elle accepte toutes les cat\u00e9gories d\u2019ULM et forme des pilotes Autogyres et Pendulaires. Sa piste en herbe de 270m x 25m bien d\u00e9gag\u00e9e est orient\u00e9e 02\/20 et son<\/em><\/strong><strong><em> utilisation n\u00e9cessite un accord pr\u00e9alable. Elle peut \u00eatre inond\u00e9e partiellement par p\u00e9riode de grandes crues.<\/em><\/strong><\/p>\n<p><strong><em>\u00a0<u>Notre instructeur pendulaire et autogyre<\/u>\u00a0:<\/em><\/strong><\/p>\n<p style=\"text-align: center;\">Fran\u00e7ois PROIX<\/p>\n<p style=\"text-align: center;\"><a href=\"http:\/\/www.ulm-centre-alsace.fr\">http:\/\/www.ulm-centre-alsace.fr<\/a><\/p>\n<p><a href=\"http:\/\/ulmkogenheim.com\/wp-content\/uploads\/2015\/02\/mail1.jpg\" rel=\"attachment wp-att-172\"><img loading=\"lazy\" class=\"alignnone wp-image-172 size-full\" src=\"http:\/\/ulmkogenheim.com\/wp-content\/uploads\/2015\/02\/mail1.jpg\" alt=\"mail CUK\" width=\"46\" height=\"46\" \/><\/a><\/p>\n<p style=\"text-align: right;\">Le Pr\u00e9sident<\/p>\n<p style=\"text-align: right;\">Christian ARNOLD<\/p>\n<p style=\"text-align: right;\"><a href=\"http:\/\/ulmkogenheim.com\/wp-content\/uploads\/2015\/01\/agr\u00e9e.jpg\" rel=\"attachment wp-att-422\"><img loading=\"lazy\" class=\"alignnone wp-image-422 size-full\" src=\"http:\/\/ulmkogenheim.com\/wp-content\/uploads\/2015\/01\/agr\u00e9e.jpg\" alt=\"agr\u00e9ements\" width=\"549\" height=\"79\" srcset=\"http:\/\/ulmkogenheim.com\/wp-content\/uploads\/2015\/01\/agr\u00e9e.jpg 549w, http:\/\/ulmkogenheim.com\/wp-content\/uploads\/2015\/01\/agr\u00e9e-300x43.jpg 300w\" sizes=\"(max-width: 549px) 100vw, 549px\" \/><\/a><\/p>\n","protected":false},"excerpt":{"rendered":"<p>\u00a0Le CUK est une association priv\u00e9e situ\u00e9 en plein centre Alsace, entre le Nord et le Sud, entre les Vosges et le Rhin. Elle accepte toutes les cat\u00e9gories d\u2019ULM et forme des pilotes Autogyres et Pendulaires. Sa piste en herbe de 270m x 25m bien d\u00e9gag\u00e9e est orient\u00e9e 02\/20 et son utilisation n\u00e9cessite un accord &hellip; <a href=\"http:\/\/ulmkogenheim.com\/\" class=\"more-link\">Continuer la lecture de <span class=\"screen-reader-text\">Pr\u00e9sentation du Club ULM de Kogenheim<\/span>  <span class=\"meta-nav\">&rarr;<\/span><\/a><\/p>\n","protected":false},"author":1,"featured_media":0,"parent":0,"menu_order":0,"comment_status":"closed","ping_status":"closed","template":"","meta":[],"_links":{"self":[{"href":"http:\/\/ulmkogenheim.com\/index.php?rest_route=\/wp\/v2\/pages\/2"}],"collection":[{"href":"http:\/\/ulmkogenheim.com\/index.php?rest_route=\/wp\/v2\/pages"}],"about":[{"href":"http:\/\/ulmkogenheim.com\/index.php?rest_route=\/wp\/v2\/types\/page"}],"author":[{"embeddable":true,"href":"http:\/\/ulmkogenheim.com\/index.php?rest_route=\/wp\/v2\/users\/1"}],"replies":[{"embeddable":true,"href":"http:\/\/ulmkogenheim.com\/index.php?rest_route=%2Fwp%2Fv2%2Fcomments&post=2"}],"version-history":[{"count":25,"href":"http:\/\/ulmkogenheim.com\/index.php?rest_route=\/wp\/v2\/pages\/2\/revisions"}],"predecessor-version":[{"id":535,"href":"http:\/\/ulmkogenheim.com\/index.php?rest_route=\/wp\/v2\/pages\/2\/revisions\/535"}],"wp:attachment":[{"href":"http:\/\/ulmkogenheim.com\/index.php?rest_route=%2Fwp%2Fv2%2Fmedia&parent=2"}],"curies":[{"name":"wp","href":"https:\/\/api.w.org\/{rel}","templated":true}]}}