{"id":103,"date":"2015-02-17T23:54:13","date_gmt":"2015-02-17T22:54:13","guid":{"rendered":"http:\/\/192.168.2.52\/?page_id=103"},"modified":"2020-07-22T18:11:24","modified_gmt":"2020-07-22T17:11:24","slug":"la-piste","status":"publish","type":"page","link":"http:\/\/ulmkogenheim.com\/?page_id=103","title":{"rendered":"La piste"},"content":{"rendered":"<p style=\"text-align: center;\"><a href=\"http:\/\/ulmkogenheim.com\/wp-content\/uploads\/2015\/02\/piste2.jpg\" target=\"_blank\" rel=\"noopener noreferrer\"><div id=\"lmm_cfe1b518\" style=\"width:640px;\" class=\"mapsmarker markermap marker-1\">\n<div id=\"lmm_panel_cfe1b518\" class=\"lmm-panel\" style=\"background:#efefef;\">\n<div id=\"lmm_panel_api_cfe1b518\" class=\"lmm-panel-api\"><a href=\"https:\/\/maps.google.com\/maps?daddr=Ebersmunster%2C+France&amp;t=m&amp;layer=1&amp;doflg=ptk&amp;om=0\" target=\"_blank\" title=\"Obtenir l&#039;itin\u00e9raire\"><img alt=\"icon-car.png\" src=\"http:\/\/ulmkogenheim.com\/wp-content\/plugins\/leaflet-maps-marker\/inc\/img\/icon-car.png\" width=\"14\" height=\"14\" class=\"lmm-panel-api-images\" \/><\/a><a href=\"http:\/\/ulmkogenheim.com\/wp-content\/plugins\/leaflet-maps-marker\/leaflet-kml.php?marker=1&amp;name=show\" style=\"text-decoration:none;\" title=\"Exportation en KML pour Google Earth\/Google Maps\"><img src=\"http:\/\/ulmkogenheim.com\/wp-content\/plugins\/leaflet-maps-marker\/inc\/img\/icon-kml.png\" width=\"14\" height=\"14\" alt=\"KML-Logo\" class=\"lmm-panel-api-images\" \/><\/a><a href=\"http:\/\/ulmkogenheim.com\/wp-content\/plugins\/leaflet-maps-marker\/leaflet-fullscreen.php?marker=1\" style=\"text-decoration:none;\" title=\"Ouvrir la carte toute seule en mode plein \u00e9cran\" target=\"_blank\"><img src=\"http:\/\/ulmkogenheim.com\/wp-content\/plugins\/leaflet-maps-marker\/inc\/img\/icon-fullscreen.png\" width=\"14\" height=\"14\" alt=\"Fullscreen-Logo\" class=\"lmm-panel-api-images\" \/><\/a><a href=\"http:\/\/ulmkogenheim.com\/wp-content\/plugins\/leaflet-maps-marker\/leaflet-geojson.php?marker=1&amp;callback=jsonp&amp;full=yes&amp;full_icon_url=yes\" style=\"text-decoration:none;\" title=\"Exporter au format GeoJSON\" target=\"_blank\"><img src=\"http:\/\/ulmkogenheim.com\/wp-content\/plugins\/leaflet-maps-marker\/inc\/img\/icon-json.png\" width=\"14\" height=\"14\" alt=\"GeoJSON-Logo\" class=\"lmm-panel-api-images\" \/><\/a><a href=\"http:\/\/ulmkogenheim.com\/wp-content\/plugins\/leaflet-maps-marker\/leaflet-georss.php?marker=1\" style=\"text-decoration:none;\" title=\"Exporter au format GeoRSS\" target=\"_blank\"><img src=\"http:\/\/ulmkogenheim.com\/wp-content\/plugins\/leaflet-maps-marker\/inc\/img\/icon-georss.png\" width=\"14\" height=\"14\" alt=\"GeoRSS-Logo\" class=\"lmm-panel-api-images\" \/><\/a><\/div><div id=\"lmm_panel_text_cfe1b518\" class=\"lmm-panel-text\" style=\"font-weight:bold;color:#373737;\">Piste ULM Kogenheim<\/div><\/div>\n<div id=\"lmm_map_cfe1b518\" class=\"lmm-map\" style=\"background:#f6f6f6;border:1px solid #ccc;height:480px; overflow:hidden;padding:0;\"><p style=\"font-size:80%;color:#9f9e9e;margin-left:5px;\">chargement de la carte - veuillez patienter...<noscript><br\/><strong>La carte ne peut \u00eatre charg\u00e9e - s'il vous pla\u00eet activer Javascript !<\/strong><br\/><a style=\"text-decoration:none;\" href=\"https:\/\/www.mapsmarker.com\/js-disabled\" target=\"_blank\">&rarr; plus d'informations<\/a><\/noscript><\/p><\/div>\n<div id=\"lmm_geo_tags_cfe1b518\" class=\"lmm-geo-tags geo\">\n<span class=\"paneltext\">Piste ULM Kogenheim<\/span>\n<span class=\"latitude\">48.333455<\/span>, <span class=\"longitude\">7.544088<\/span>\n<span class=\"popuptext\"><\/span>\n<\/div>\n<\/div><\/a><\/p>\n<p style=\"text-align: center;\"><a href=\"http:\/\/ulmkogenheim.com\/wp-content\/uploads\/2015\/01\/Orientation-Piste.jpg\" rel=\"attachment wp-att-108\"><img loading=\"lazy\" class=\"alignnone wp-image-108 size-full\" src=\"http:\/\/ulmkogenheim.com\/wp-content\/uploads\/2015\/01\/Orientation-Piste.jpg\" alt=\"\" width=\"640\" height=\"480\" srcset=\"http:\/\/ulmkogenheim.com\/wp-content\/uploads\/2015\/01\/Orientation-Piste.jpg 640w, http:\/\/ulmkogenheim.com\/wp-content\/uploads\/2015\/01\/Orientation-Piste-300x225.jpg 300w\" sizes=\"(max-width: 640px) 100vw, 640px\" \/><\/a><\/p>\n<p style=\"text-align: center;\">\n<figure id=\"attachment_489\" aria-describedby=\"caption-attachment-489\" style=\"width: 763px\" class=\"wp-caption alignnone\"><a href=\"http:\/\/ulmkogenheim.com\/wp-content\/uploads\/2019\/09\/piste4.jpg\"><img loading=\"lazy\" class=\"wp-image-489 size-full\" src=\"http:\/\/ulmkogenheim.com\/wp-content\/uploads\/2019\/09\/piste4.jpg\" alt=\"piste\" width=\"763\" height=\"1119\" srcset=\"http:\/\/ulmkogenheim.com\/wp-content\/uploads\/2019\/09\/piste4.jpg 763w, http:\/\/ulmkogenheim.com\/wp-content\/uploads\/2019\/09\/piste4-205x300.jpg 205w, http:\/\/ulmkogenheim.com\/wp-content\/uploads\/2019\/09\/piste4-698x1024.jpg 698w\" sizes=\"(max-width: 763px) 100vw, 763px\" \/><\/a><figcaption id=\"caption-attachment-489\" class=\"wp-caption-text\">plan piste<\/figcaption><\/figure>\n<p style=\"text-align: center;\">\n","protected":false},"excerpt":{"rendered":"","protected":false},"author":1,"featured_media":0,"parent":22,"menu_order":0,"comment_status":"closed","ping_status":"open","template":"","meta":[],"_links":{"self":[{"href":"http:\/\/ulmkogenheim.com\/index.php?rest_route=\/wp\/v2\/pages\/103"}],"collection":[{"href":"http:\/\/ulmkogenheim.com\/index.php?rest_route=\/wp\/v2\/pages"}],"about":[{"href":"http:\/\/ulmkogenheim.com\/index.php?rest_route=\/wp\/v2\/types\/page"}],"author":[{"embeddable":true,"href":"http:\/\/ulmkogenheim.com\/index.php?rest_route=\/wp\/v2\/users\/1"}],"replies":[{"embeddable":true,"href":"http:\/\/ulmkogenheim.com\/index.php?rest_route=%2Fwp%2Fv2%2Fcomments&post=103"}],"version-history":[{"count":6,"href":"http:\/\/ulmkogenheim.com\/index.php?rest_route=\/wp\/v2\/pages\/103\/revisions"}],"predecessor-version":[{"id":498,"href":"http:\/\/ulmkogenheim.com\/index.php?rest_route=\/wp\/v2\/pages\/103\/revisions\/498"}],"up":[{"embeddable":true,"href":"http:\/\/ulmkogenheim.com\/index.php?rest_route=\/wp\/v2\/pages\/22"}],"wp:attachment":[{"href":"http:\/\/ulmkogenheim.com\/index.php?rest_route=%2Fwp%2Fv2%2Fmedia&parent=103"}],"curies":[{"name":"wp","href":"https:\/\/api.w.org\/{rel}","templated":true}]}}